{"id":21,"date":"2022-02-16T09:39:18","date_gmt":"2022-02-16T14:39:18","guid":{"rendered":"https:\/\/idealmedclinicga.com\/?page_id=21"},"modified":"2022-02-16T16:17:50","modified_gmt":"2022-02-16T21:17:50","slug":"mantenimiento","status":"publish","type":"page","link":"https:\/\/idealmedclinicga.com\/en\/mantenimiento\/","title":{"rendered":"Mantenimiento"},"content":{"rendered":"<div class=\"banner has-hover is-full-height\" id=\"banner-1430268149\">\n          <div class=\"banner-inner fill\">\n        <div class=\"banner-bg fill\" >\n            <div class=\"bg fill bg-fill\"><\/div>\n                        <div class=\"overlay\"><\/div>            \n                    <\/div>\n\t\t\n        <div class=\"banner-layers container\">\n            <div class=\"fill banner-link\"><\/div>            \n   <div id=\"text-box-298342887\" class=\"text-box banner-layer text-box-square x50 md-x50 lg-x50 y50 md-y15 lg-y15 res-text\">\n                     <div data-animate=\"bounceIn\">           <div class=\"text-box-content text\">\n              \n              <div class=\"text-inner text-center\">\n                  \n\t<div class=\"img has-hover x md-x lg-x y md-y lg-y\" id=\"image_1589489243\">\n\t\t\t\t\t\t<div data-animate=\"blurIn\">\t\t<div class=\"img-inner dark\" >\n\t\t\t<img loading=\"lazy\" decoding=\"async\" width=\"1020\" height=\"483\" src=\"https:\/\/idealmedclinicga.com\/wp-content\/uploads\/2022\/02\/option-1-3-1024x485.png\" class=\"attachment-large size-large\" alt=\"\" srcset=\"https:\/\/idealmedclinicga.com\/wp-content\/uploads\/2022\/02\/option-1-3-1024x485.png 1024w, https:\/\/idealmedclinicga.com\/wp-content\/uploads\/2022\/02\/option-1-3-300x142.png 300w, https:\/\/idealmedclinicga.com\/wp-content\/uploads\/2022\/02\/option-1-3-768x364.png 768w, https:\/\/idealmedclinicga.com\/wp-content\/uploads\/2022\/02\/option-1-3.png 1500w\" sizes=\"auto, (max-width: 1020px) 100vw, 1020px\" \/>\t\t\t\t\t\t\n\t\t\t\t\t<\/div>\n\t\t<\/div>\t\t\t\t\t\t\n<style>\n#image_1589489243 {\n  width: 73%;\n}\n<\/style>\n\t<\/div>\n\t\n<h2 class=\"uppercase\">\u00a1Hola es bienvenido!<\/h2>\n<p><span style=\"font-size: 140%;\">Nuestro sitio web est\u00e1 experimentando algunas actualizaciones y actualmente no est\u00e1 disponible. Regrese m\u00e1s tarde o cont\u00e1ctenos usando los \u00edconos a continuaci\u00f3n.<\/span><\/p>\n<div class=\"social-icons follow-icons full-width text-center\" ><a href=\"https:\/\/www.facebook.com\/IdealMedClinicInc\" target=\"_blank\" data-label=\"Facebook\" rel=\"noopener noreferrer nofollow\" class=\"icon plain facebook tooltip\" title=\"Follow on Facebook\" aria-label=\"Follow on Facebook\"><i class=\"icon-facebook\" ><\/i><\/a><a href=\"https:\/\/www.instagram.com\/idealmedclinic\/\" target=\"_blank\" rel=\"noopener noreferrer nofollow\" data-label=\"Instagram\" class=\"icon plain  instagram tooltip\" title=\"Follow on Instagram\" aria-label=\"Follow on Instagram\"><i class=\"icon-instagram\" ><\/i><\/a><a href=\"mailto:idealmedclinicinc@gmail.com\" data-label=\"E-mail\" rel=\"nofollow\" class=\"icon plain  email tooltip\" title=\"Send us an email\" aria-label=\"Send us an email\"><i class=\"icon-envelop\" ><\/i><\/a><a href=\"tel:770 629-2296\" target=\"_blank\" data-label=\"Phone\" rel=\"noopener noreferrer nofollow\" class=\"icon plain  phone tooltip\" title=\"Call us\" aria-label=\"Call us\"><i class=\"icon-phone\" ><\/i><\/a><\/div>\n              <\/div>\n           <\/div>\n       <\/div>                     \n<style>\n#text-box-298342887 .text-box-content {\n  background-color: rgba(250, 250, 250, 0.47);\n  font-size: 100%;\n}\n#text-box-298342887 .text-inner {\n  padding: 0px 11px 0px 10px;\n}\n#text-box-298342887 {\n  width: 95%;\n}\n@media (min-width:550px) {\n  #text-box-298342887 .text-inner {\n    padding: 0px 35px 0px 35px;\n  }\n  #text-box-298342887 {\n    width: 60%;\n  }\n}\n@media (min-width:850px) {\n  #text-box-298342887 .text-inner {\n    padding: 0px 35px 0px 35px;\n  }\n  #text-box-298342887 {\n    width: 51%;\n  }\n}\n<\/style>\n    <\/div>\n \n        <\/div>\n      <\/div>\n\n            \n<style>\n#banner-1430268149 {\n  padding-top: 100%;\n}\n#banner-1430268149 .bg.bg-loaded {\n  background-image: url(https:\/\/idealmedclinicga.com\/wp-content\/uploads\/2022\/02\/ideal-medclinic-ga-1024x683.jpeg);\n}\n#banner-1430268149 .overlay {\n  background-color: rgba(89, 150, 206, 0.56);\n}\n#banner-1430268149 .ux-shape-divider--top svg {\n  height: 150px;\n  --divider-top-width: 100%;\n}\n#banner-1430268149 .ux-shape-divider--bottom svg {\n  height: 150px;\n  --divider-width: 100%;\n}\n@media (min-width:850px) {\n  #banner-1430268149 .overlay {\n    background-color: rgba(2, 75, 180, 0.43);\n  }\n}\n<\/style>\n  <\/div>","protected":false},"excerpt":{"rendered":"","protected":false},"author":1,"featured_media":0,"parent":0,"menu_order":0,"comment_status":"closed","ping_status":"closed","template":"page-blank-landingpage.php","meta":{"inline_featured_image":false,"_monsterinsights_skip_tracking":false,"_monsterinsights_sitenote_active":false,"_monsterinsights_sitenote_note":"","_monsterinsights_sitenote_category":0,"footnotes":""},"class_list":["post-21","page","type-page","status-publish","hentry"],"aioseo_notices":[],"_links":{"self":[{"href":"https:\/\/idealmedclinicga.com\/en\/wp-json\/wp\/v2\/pages\/21","targetHints":{"allow":["GET"]}}],"collection":[{"href":"https:\/\/idealmedclinicga.com\/en\/wp-json\/wp\/v2\/pages"}],"about":[{"href":"https:\/\/idealmedclinicga.com\/en\/wp-json\/wp\/v2\/types\/page"}],"author":[{"embeddable":true,"href":"https:\/\/idealmedclinicga.com\/en\/wp-json\/wp\/v2\/users\/1"}],"replies":[{"embeddable":true,"href":"https:\/\/idealmedclinicga.com\/en\/wp-json\/wp\/v2\/comments?post=21"}],"version-history":[{"count":10,"href":"https:\/\/idealmedclinicga.com\/en\/wp-json\/wp\/v2\/pages\/21\/revisions"}],"predecessor-version":[{"id":37,"href":"https:\/\/idealmedclinicga.com\/en\/wp-json\/wp\/v2\/pages\/21\/revisions\/37"}],"wp:attachment":[{"href":"https:\/\/idealmedclinicga.com\/en\/wp-json\/wp\/v2\/media?parent=21"}],"curies":[{"name":"wp","href":"https:\/\/api.w.org\/{rel}","templated":true}]}}